{"id":110,"date":"2023-03-09T11:22:02","date_gmt":"2023-03-09T11:22:02","guid":{"rendered":"https:\/\/modellflugverein-sursee.ch\/?page_id=110"},"modified":"2023-06-09T11:47:23","modified_gmt":"2023-06-09T11:47:23","slug":"vereinzweck","status":"publish","type":"page","link":"https:\/\/modellflugverein-sursee.ch\/?page_id=110","title":{"rendered":"Vereinzweck"},"content":{"rendered":"\n<p class=\"has-arial-font-family has-custom-font\" style=\"font-family:Arial\"><strong>Wesen<\/strong><\/p>\n\n\n\n<ul class=\"has-arial-font-family has-custom-font wp-block-list\" style=\"font-family:Arial\">\n<li>Der Modellflugverein Sursee, nachfolgend MFVS genannt, ist ein Verein im Sinne von Artikel 60 ff, ZGB mit&nbsp;Sitz in Sursee LU.<\/li>\n\n\n\n<li>Er schliesst die Modellflieger und Freunde des Modellfluges als nichtprofitorientierte Interessengemeinschaft im lokalen Bereich zusammen.<\/li>\n\n\n\n<li>Der MFVS ist Mitglied des Regionalen Modellflugverbandes 3 (RMV3) des Schweizerischen Modellflugverbandes (SMV) und geh\u00f6rt damit dem Aero-Club der Schweiz an.<\/li>\n<\/ul>\n\n\n\n<p class=\"has-arial-font-family has-custom-font\" style=\"font-family:Arial\"><strong>Zweck<\/strong><\/p>\n\n\n\n<ul class=\"has-arial-font-family has-custom-font wp-block-list\" style=\"font-family:Arial\">\n<li>Der MFVS bezweckt die aktive und sch\u00f6pferische Gestaltung der Freizeit.<\/li>\n\n\n\n<li>Er befasst sich mit dem Konstruieren, Bauen und Fliegen von Modell-Luftfahrzeugen.<\/li>\n\n\n\n<li>Er f\u00f6rdert die technischen und fliegerischen F\u00e4higkeiten seiner Mitglieder, die Kameradschaft, die Zusammenarbeit, die Einsicht und das Verst\u00e4ndnis f\u00fcr den Modellbau.<\/li>\n\n\n\n<li>Er vertritt die Interessen seiner Mitglieder im Sinne der obigen Zielsetzungen des Modellflugs auf der lokalen und nationalen Ebene.<\/li>\n\n\n\n<li>Er unterst\u00fctzt die Bestrebungen und Aktivit\u00e4ten des Modellflugverbandes der Schweiz.<\/li>\n<\/ul>\n","protected":false},"excerpt":{"rendered":"<p>Wesen Zweck<\/p>\n","protected":false},"author":1,"featured_media":0,"parent":0,"menu_order":0,"comment_status":"closed","ping_status":"closed","template":"","meta":{"_coblocks_attr":"Arial,Arial","_coblocks_dimensions":"","_coblocks_responsive_height":"","_coblocks_accordion_ie_support":"","om_disable_all_campaigns":false,"_monsterinsights_skip_tracking":false,"_monsterinsights_sitenote_active":false,"_monsterinsights_sitenote_note":"","_monsterinsights_sitenote_category":0,"footnotes":""},"class_list":["post-110","page","type-page","status-publish","hentry"],"aioseo_notices":[],"jetpack_sharing_enabled":true,"_links":{"self":[{"href":"https:\/\/modellflugverein-sursee.ch\/index.php?rest_route=\/wp\/v2\/pages\/110","targetHints":{"allow":["GET"]}}],"collection":[{"href":"https:\/\/modellflugverein-sursee.ch\/index.php?rest_route=\/wp\/v2\/pages"}],"about":[{"href":"https:\/\/modellflugverein-sursee.ch\/index.php?rest_route=\/wp\/v2\/types\/page"}],"author":[{"embeddable":true,"href":"https:\/\/modellflugverein-sursee.ch\/index.php?rest_route=\/wp\/v2\/users\/1"}],"replies":[{"embeddable":true,"href":"https:\/\/modellflugverein-sursee.ch\/index.php?rest_route=%2Fwp%2Fv2%2Fcomments&post=110"}],"version-history":[{"count":2,"href":"https:\/\/modellflugverein-sursee.ch\/index.php?rest_route=\/wp\/v2\/pages\/110\/revisions"}],"predecessor-version":[{"id":202,"href":"https:\/\/modellflugverein-sursee.ch\/index.php?rest_route=\/wp\/v2\/pages\/110\/revisions\/202"}],"wp:attachment":[{"href":"https:\/\/modellflugverein-sursee.ch\/index.php?rest_route=%2Fwp%2Fv2%2Fmedia&parent=110"}],"curies":[{"name":"wp","href":"https:\/\/api.w.org\/{rel}","templated":true}]}}