{"id":114,"date":"2023-03-09T11:24:06","date_gmt":"2023-03-09T11:24:06","guid":{"rendered":"https:\/\/modellflugverein-sursee.ch\/?page_id=114"},"modified":"2023-06-09T11:31:24","modified_gmt":"2023-06-09T11:31:24","slug":"flugplatz","status":"publish","type":"page","link":"https:\/\/modellflugverein-sursee.ch\/?page_id=114","title":{"rendered":"Flugplatz"},"content":{"rendered":"\n<p class=\"has-arial-font-family has-custom-font\" style=\"font-family:Arial\">Unser <a href=\"http:\/\/maps.google.ch\/?ie=UTF8&amp;ll=47.190908,8.089863&amp;spn=0.001462,0.002411&amp;t=h&amp;z=19\" target=\"_blank\" rel=\"noreferrer noopener\">Flugplatz<\/a> befindet sich in der Schaubern zwischen Geuensee und St. Erhard.<\/p>\n\n\n\n<p class=\"has-arial-font-family has-custom-font\" style=\"font-family:Arial\">Nichtmitglieder d\u00fcrfen den Modellflugplatz nicht ben\u00fctzen, ausser sie befinden in Begleitung eines Mitgliedes des Vereins! Der&nbsp; MFVS lehnt jegliche Haftung f\u00fcr Unf\u00e4lle und Sch\u00e4den ab! Zuwiderhandlungen werden ausserdem zivil- und strafrechtlich geahndet!<\/p>\n\n\n\n<figure class=\"wp-block-embed is-type-rich is-provider-handler-einbetten wp-block-embed-handler-einbetten wp-embed-aspect-16-9 wp-has-aspect-ratio\"><div class=\"wp-block-embed__wrapper\">\n<iframe title=\"Kopterflug \u00fcber den Flugplatz des MFV Sursee\" width=\"580\" height=\"326\" src=\"https:\/\/www.youtube.com\/embed\/t6tp6EYapJA?feature=oembed\" frameborder=\"0\" allow=\"accelerometer; autoplay; clipboard-write; encrypted-media; gyroscope; picture-in-picture; web-share\" referrerpolicy=\"strict-origin-when-cross-origin\" allowfullscreen><\/iframe>\n<\/div><\/figure>\n\n\n\n<p class=\"has-arial-font-family has-custom-font\" style=\"font-family:Arial\"><strong>Die rot markierten Fl\u00e4chen d\u00fcrfen NICHT \u00fcberflogen werden!<\/strong><\/p>\n\n\n\n<figure class=\"wp-block-image size-full\"><img fetchpriority=\"high\" decoding=\"async\" width=\"674\" height=\"767\" src=\"https:\/\/modellflugverein-sursee.ch\/wp-content\/uploads\/2023\/03\/grafik.png\" alt=\"\" class=\"wp-image-116\" srcset=\"https:\/\/modellflugverein-sursee.ch\/wp-content\/uploads\/2023\/03\/grafik.png 674w, https:\/\/modellflugverein-sursee.ch\/wp-content\/uploads\/2023\/03\/grafik-264x300.png 264w\" sizes=\"(max-width: 674px) 100vw, 674px\" \/><\/figure>\n\n\n\n<p><\/p>\n\n\n\n<p class=\"has-arial-font-family has-custom-font\" style=\"font-family:Arial\"><strong>Flugplatzreglement<\/strong><\/p>\n\n\n\n<div data-wp-interactive=\"core\/file\" class=\"wp-block-file\"><object data-wp-bind--hidden=\"!state.hasPdfPreview\" hidden class=\"wp-block-file__embed\" data=\"https:\/\/modellflugverein-sursee.ch\/wp-content\/uploads\/2023\/06\/Flugplatzreglement-ab-1.1.2023.pdf\" type=\"application\/pdf\" style=\"width:100%;height:600px\" aria-label=\"Einbettung von Flugplatzreglement-ab-1.1.2023.\"><\/object><a id=\"wp-block-file--media-b1ef59db-4254-4301-ac6b-d45deb37fa86\" href=\"https:\/\/modellflugverein-sursee.ch\/wp-content\/uploads\/2023\/06\/Flugplatzreglement-ab-1.1.2023.pdf\">Flugplatzreglement-ab-1.1.2023<\/a><a href=\"https:\/\/modellflugverein-sursee.ch\/wp-content\/uploads\/2023\/06\/Flugplatzreglement-ab-1.1.2023.pdf\" class=\"wp-block-file__button wp-element-button\" download aria-describedby=\"wp-block-file--media-b1ef59db-4254-4301-ac6b-d45deb37fa86\">Herunterladen<\/a><\/div>\n","protected":false},"excerpt":{"rendered":"<p>Unser Flugplatz befindet sich in der Schaubern zwischen Geuensee und St. Erhard. Nichtmitglieder d\u00fcrfen den Modellflugplatz nicht ben\u00fctzen, ausser sie befinden in Begleitung eines Mitgliedes des Vereins! Der&nbsp; MFVS lehnt jegliche Haftung f\u00fcr Unf\u00e4lle und Sch\u00e4den ab! Zuwiderhandlungen werden ausserdem zivil- und strafrechtlich geahndet! Die rot markierten Fl\u00e4chen d\u00fcrfen NICHT \u00fcberflogen werden! Flugplatzreglement<\/p>\n","protected":false},"author":1,"featured_media":0,"parent":0,"menu_order":0,"comment_status":"closed","ping_status":"closed","template":"","meta":{"_coblocks_attr":"Arial,Arial","_coblocks_dimensions":"","_coblocks_responsive_height":"","_coblocks_accordion_ie_support":"","om_disable_all_campaigns":false,"_monsterinsights_skip_tracking":false,"_monsterinsights_sitenote_active":false,"_monsterinsights_sitenote_note":"","_monsterinsights_sitenote_category":0,"footnotes":""},"class_list":["post-114","page","type-page","status-publish","hentry"],"aioseo_notices":[],"jetpack_sharing_enabled":true,"_links":{"self":[{"href":"https:\/\/modellflugverein-sursee.ch\/index.php?rest_route=\/wp\/v2\/pages\/114","targetHints":{"allow":["GET"]}}],"collection":[{"href":"https:\/\/modellflugverein-sursee.ch\/index.php?rest_route=\/wp\/v2\/pages"}],"about":[{"href":"https:\/\/modellflugverein-sursee.ch\/index.php?rest_route=\/wp\/v2\/types\/page"}],"author":[{"embeddable":true,"href":"https:\/\/modellflugverein-sursee.ch\/index.php?rest_route=\/wp\/v2\/users\/1"}],"replies":[{"embeddable":true,"href":"https:\/\/modellflugverein-sursee.ch\/index.php?rest_route=%2Fwp%2Fv2%2Fcomments&post=114"}],"version-history":[{"count":3,"href":"https:\/\/modellflugverein-sursee.ch\/index.php?rest_route=\/wp\/v2\/pages\/114\/revisions"}],"predecessor-version":[{"id":189,"href":"https:\/\/modellflugverein-sursee.ch\/index.php?rest_route=\/wp\/v2\/pages\/114\/revisions\/189"}],"wp:attachment":[{"href":"https:\/\/modellflugverein-sursee.ch\/index.php?rest_route=%2Fwp%2Fv2%2Fmedia&parent=114"}],"curies":[{"name":"wp","href":"https:\/\/api.w.org\/{rel}","templated":true}]}}