{"id":173,"date":"2023-06-07T11:42:57","date_gmt":"2023-06-07T11:42:57","guid":{"rendered":"https:\/\/modellflugverein-sursee.ch\/?page_id=173"},"modified":"2026-03-11T10:43:46","modified_gmt":"2026-03-11T10:43:46","slug":"jahresprogramm","status":"publish","type":"page","link":"https:\/\/modellflugverein-sursee.ch\/?page_id=173","title":{"rendered":"Jahresprogramm"},"content":{"rendered":"\n<div class=\"wp-block-columns is-layout-flex wp-container-core-columns-is-layout-9d6595d7 wp-block-columns-is-layout-flex\">\n<div class=\"wp-block-column is-layout-flow wp-block-column-is-layout-flow\" style=\"flex-basis:100%\">\n<figure class=\"wp-block-table\"><table><tbody><tr><td><strong>Datum<\/strong><\/td><td><strong>Tag<\/strong>                                  <\/td><td><strong>Was<\/strong>                                        <\/td><\/tr><tr><td>9. Mai 2026<\/td><td>SA<\/td><td><strong>Flugplatz-Instandstellung <\/strong>(Vormittag ab 10.00 Uhr)<br><strong>Offizielle Saison-Er\u00f6ffnung<\/strong> (Nachmittag ab 13.00 Uhr)<br>Sunset-Fliegen<br>SPEIS und TRANK ganztags vom Verein offeriert<\/td><\/tr><tr><td>noch offen<\/td><td><\/td><td>Pistolenschiessen \/ Details folgen<\/td><\/tr><tr><td>6. Juni 2026<\/td><td>SA<\/td><td>Schlepp-Day \/ Details folgen<\/td><\/tr><tr><td>26.-28. Juni 2026<\/td><td>FR\/SA\/SO<\/td><td>Segelflug-Weekend \/ Details folgen<\/td><\/tr><tr><td>22. August 2026<\/td><td>SA<\/td><td>Heliday, freies Fl\u00e4chenfliegen + Sunset-Fliegen<br>SPEIS und TRANK ganztags vom Verein offeriert<\/td><\/tr><tr><td>20. November 2026<\/td><td><br>FR<\/td><td>45. Ordentliche Generalversammlung<\/td><\/tr><tr><td><\/td><td><\/td><td><\/td><\/tr><\/tbody><\/table><figcaption class=\"wp-element-caption\"> <h4 class=\"wp-block-heading\"><\/h4><h3 class=\"wp-block-heading\"><\/h3><h3 class=\"wp-block-heading\"><\/h3><\/figcaption><\/figure>\n<\/div>\n<\/div>\n\n\n\n<p class=\"has-arial-font-family has-custom-font\" style=\"font-family:Arial\"><strong>F\u00fcr alle Anl\u00e4sse folgt rechtzeitig eine separate Einladung<\/strong>.<\/p>\n\n\n\n<p><\/p>\n\n\n\n<p class=\"has-arial-font-family has-custom-font\" style=\"font-family:Arial\"><strong>Schlepp-Aktivit\u00e4ten auf dem Flugplatz:<\/strong><\/p>\n\n\n\n<p class=\"has-arial-font-family has-custom-font\" style=\"font-family:Arial\">Sobald ein Pilot mit Schlepper auf dem Platz ist (haupts\u00e4chlich Samstag und Sonntag), folgt im Vorfeld rechtzeitig die Info \u00fcber den WhattsApp-Chat.<\/p>\n\n\n\n<p><\/p>\n\n\n\n<p class=\"has-arial-font-family has-custom-font\" style=\"font-family:Arial\"><strong>Segelflug-Aktivit\u00e4ten \/ Hangflug:<\/strong><\/p>\n\n\n\n<p class=\"has-arial-font-family has-custom-font\" style=\"font-family:Arial\">Auch \u00fcber spontane Hangflug-Aktivit\u00e4ten wird rechtzeitig via WhattsApp-Chat informiert.<\/p>\n\n\n\n<p><\/p>\n\n\n\n<p class=\"has-arial-font-family has-custom-font\" style=\"font-family:Arial\"><strong>Sunset-Fliegen &amp; Grillieren:<\/strong><\/p>\n\n\n\n<p class=\"has-arial-font-family has-custom-font\" style=\"font-family:Arial\">Diese Sunset-Fliegen finden meistens am Samstag-Nachmittag\/Abend statt. Dabei wird auch jeweils der Grill eingefeuert. Als sch\u00f6ner Abschluss des Abends werden Fl\u00fcge in den Sonnenuntergang gemacht. Auch hier erfolgt die Info \u00fcber den WhattsApp-Chat.<\/p>\n\n\n\n<p><\/p>\n\n\n\n<p class=\"has-arial-font-family has-custom-font\" style=\"font-family:Arial\"><strong>Hallenfliegen:<\/strong><\/p>\n\n\n\n<p class=\"has-arial-font-family has-custom-font\" style=\"font-family:Arial\">In der Wintersaison werden von Dezember bis Ende Februar in Zukunft diverse Termine zum Hallenfliegen organisiert. Infos und Terminplan werden rechtzeitig via Public-Chat kommuniziert.<\/p>\n\n\n\n<p><\/p>\n\n\n\n<div data-wp-interactive=\"core\/file\" class=\"wp-block-file\"><object data-wp-bind--hidden=\"!state.hasPdfPreview\" hidden class=\"wp-block-file__embed\" data=\"https:\/\/modellflugverein-sursee.ch\/wp-content\/uploads\/2026\/03\/Jahresprogramm-Flugsaison-2026.pdf\" type=\"application\/pdf\" style=\"width:100%;height:600px\" aria-label=\"Einbettung von Jahresprogramm Flugsaison 2026.\"><\/object><a id=\"wp-block-file--media-b2542664-d768-44a7-adef-ccb30f843eb0\" href=\"https:\/\/modellflugverein-sursee.ch\/wp-content\/uploads\/2026\/03\/Jahresprogramm-Flugsaison-2026.pdf\">Jahresprogramm Flugsaison 2026<\/a><a href=\"https:\/\/modellflugverein-sursee.ch\/wp-content\/uploads\/2026\/03\/Jahresprogramm-Flugsaison-2026.pdf\" class=\"wp-block-file__button wp-element-button\" download aria-describedby=\"wp-block-file--media-b2542664-d768-44a7-adef-ccb30f843eb0\">Herunterladen<\/a><\/div>\n","protected":false},"excerpt":{"rendered":"<p>Datum Tag Was 9. Mai 2026 SA Flugplatz-Instandstellung (Vormittag ab 10.00 Uhr)Offizielle Saison-Er\u00f6ffnung (Nachmittag ab 13.00 Uhr)Sunset-FliegenSPEIS und TRANK ganztags vom Verein offeriert noch offen Pistolenschiessen \/ Details folgen 6. Juni 2026 SA Schlepp-Day \/ Details folgen 26.-28. Juni 2026 FR\/SA\/SO Segelflug-Weekend \/ Details folgen 22. August 2026 SA Heliday, freies Fl\u00e4chenfliegen + Sunset-FliegenSPEIS und [&hellip;]<\/p>\n","protected":false},"author":1,"featured_media":0,"parent":0,"menu_order":0,"comment_status":"closed","ping_status":"closed","template":"","meta":{"_coblocks_attr":"Arial,,Arial","_coblocks_dimensions":"","_coblocks_responsive_height":"","_coblocks_accordion_ie_support":"","om_disable_all_campaigns":false,"_monsterinsights_skip_tracking":false,"_monsterinsights_sitenote_active":false,"_monsterinsights_sitenote_note":"","_monsterinsights_sitenote_category":0,"footnotes":""},"class_list":["post-173","page","type-page","status-publish","hentry"],"aioseo_notices":[],"jetpack_sharing_enabled":true,"_links":{"self":[{"href":"https:\/\/modellflugverein-sursee.ch\/index.php?rest_route=\/wp\/v2\/pages\/173","targetHints":{"allow":["GET"]}}],"collection":[{"href":"https:\/\/modellflugverein-sursee.ch\/index.php?rest_route=\/wp\/v2\/pages"}],"about":[{"href":"https:\/\/modellflugverein-sursee.ch\/index.php?rest_route=\/wp\/v2\/types\/page"}],"author":[{"embeddable":true,"href":"https:\/\/modellflugverein-sursee.ch\/index.php?rest_route=\/wp\/v2\/users\/1"}],"replies":[{"embeddable":true,"href":"https:\/\/modellflugverein-sursee.ch\/index.php?rest_route=%2Fwp%2Fv2%2Fcomments&post=173"}],"version-history":[{"count":8,"href":"https:\/\/modellflugverein-sursee.ch\/index.php?rest_route=\/wp\/v2\/pages\/173\/revisions"}],"predecessor-version":[{"id":845,"href":"https:\/\/modellflugverein-sursee.ch\/index.php?rest_route=\/wp\/v2\/pages\/173\/revisions\/845"}],"wp:attachment":[{"href":"https:\/\/modellflugverein-sursee.ch\/index.php?rest_route=%2Fwp%2Fv2%2Fmedia&parent=173"}],"curies":[{"name":"wp","href":"https:\/\/api.w.org\/{rel}","templated":true}]}}