{"id":37,"date":"2023-01-31T13:14:11","date_gmt":"2023-01-31T13:14:11","guid":{"rendered":"https:\/\/modellflugverein-sursee.ch\/?page_id=37"},"modified":"2023-03-31T07:33:46","modified_gmt":"2023-03-31T07:33:46","slug":"ueber-uns","status":"publish","type":"page","link":"https:\/\/modellflugverein-sursee.ch\/?page_id=37","title":{"rendered":"\u00dcber uns"},"content":{"rendered":"\n<p><strong>Herzlich Willkommen beim Modellflugverein Sursee wo Sie mehr \u00fcber uns als Verein, unsere Aktivit\u00e4ten und Anl\u00e4sse erfahren.<\/strong><\/p>\n","protected":false},"excerpt":{"rendered":"<p>Herzlich Willkommen beim Modellflugverein Sursee wo Sie mehr \u00fcber uns als Verein, unsere Aktivit\u00e4ten und Anl\u00e4sse erfahren.<\/p>\n","protected":false},"author":1,"featured_media":0,"parent":0,"menu_order":0,"comment_status":"closed","ping_status":"closed","template":"","meta":{"_coblocks_attr":"","_coblocks_dimensions":"","_coblocks_responsive_height":"","_coblocks_accordion_ie_support":"","om_disable_all_campaigns":false,"_monsterinsights_skip_tracking":false,"_monsterinsights_sitenote_active":false,"_monsterinsights_sitenote_note":"","_monsterinsights_sitenote_category":0,"footnotes":""},"class_list":["post-37","page","type-page","status-publish","hentry"],"aioseo_notices":[],"jetpack_sharing_enabled":true,"_links":{"self":[{"href":"https:\/\/modellflugverein-sursee.ch\/index.php?rest_route=\/wp\/v2\/pages\/37","targetHints":{"allow":["GET"]}}],"collection":[{"href":"https:\/\/modellflugverein-sursee.ch\/index.php?rest_route=\/wp\/v2\/pages"}],"about":[{"href":"https:\/\/modellflugverein-sursee.ch\/index.php?rest_route=\/wp\/v2\/types\/page"}],"author":[{"embeddable":true,"href":"https:\/\/modellflugverein-sursee.ch\/index.php?rest_route=\/wp\/v2\/users\/1"}],"replies":[{"embeddable":true,"href":"https:\/\/modellflugverein-sursee.ch\/index.php?rest_route=%2Fwp%2Fv2%2Fcomments&post=37"}],"version-history":[{"count":2,"href":"https:\/\/modellflugverein-sursee.ch\/index.php?rest_route=\/wp\/v2\/pages\/37\/revisions"}],"predecessor-version":[{"id":166,"href":"https:\/\/modellflugverein-sursee.ch\/index.php?rest_route=\/wp\/v2\/pages\/37\/revisions\/166"}],"wp:attachment":[{"href":"https:\/\/modellflugverein-sursee.ch\/index.php?rest_route=%2Fwp%2Fv2%2Fmedia&parent=37"}],"curies":[{"name":"wp","href":"https:\/\/api.w.org\/{rel}","templated":true}]}}