{"id":38,"date":"2023-01-31T13:14:11","date_gmt":"2023-01-31T13:14:11","guid":{"rendered":"https:\/\/modellflugverein-sursee.ch\/?page_id=38"},"modified":"2023-12-22T09:03:02","modified_gmt":"2023-12-22T09:03:02","slug":"kontakt","status":"publish","type":"page","link":"https:\/\/modellflugverein-sursee.ch\/?page_id=38","title":{"rendered":"Kontakt"},"content":{"rendered":"\n<p class=\"has-arial-font-family has-custom-font\" style=\"font-family:Arial\">F\u00fcr Anfragen bez\u00fcglich Neumitgliedschaft oder diverse Fragen wende dich bitte an:<\/p>\n\n\n\n<p><\/p>\n\n\n\n<figure class=\"wp-block-table\"><table><tbody><tr><td><strong>Pr\u00e4sident<\/strong><\/td><\/tr><tr><td>\u00a0<img decoding=\"async\" src=\"https:\/\/modellflugverein-sursee.ch\/wp-content\/uploads\/2023\/12\/KurtOdermatt.jpg\" alt=\"\"><\/td><\/tr><tr><td>Kurt Odermatt<\/td><\/tr><tr><td>079 301 28 23\u00a0\/ praesident@modellflug-sursee.ch <\/td><\/tr><\/tbody><\/table><\/figure>\n","protected":false},"excerpt":{"rendered":"<p>F\u00fcr Anfragen bez\u00fcglich Neumitgliedschaft oder diverse Fragen wende dich bitte an: Pr\u00e4sident \u00a0 Kurt Odermatt 079 301 28 23\u00a0\/ praesident@modellflug-sursee.ch<\/p>\n","protected":false},"author":1,"featured_media":0,"parent":0,"menu_order":0,"comment_status":"closed","ping_status":"closed","template":"","meta":{"_coblocks_attr":"Arial","_coblocks_dimensions":"","_coblocks_responsive_height":"","_coblocks_accordion_ie_support":"","om_disable_all_campaigns":false,"_monsterinsights_skip_tracking":false,"_monsterinsights_sitenote_active":false,"_monsterinsights_sitenote_note":"","_monsterinsights_sitenote_category":0,"footnotes":""},"class_list":["post-38","page","type-page","status-publish","hentry"],"aioseo_notices":[],"jetpack_sharing_enabled":true,"_links":{"self":[{"href":"https:\/\/modellflugverein-sursee.ch\/index.php?rest_route=\/wp\/v2\/pages\/38","targetHints":{"allow":["GET"]}}],"collection":[{"href":"https:\/\/modellflugverein-sursee.ch\/index.php?rest_route=\/wp\/v2\/pages"}],"about":[{"href":"https:\/\/modellflugverein-sursee.ch\/index.php?rest_route=\/wp\/v2\/types\/page"}],"author":[{"embeddable":true,"href":"https:\/\/modellflugverein-sursee.ch\/index.php?rest_route=\/wp\/v2\/users\/1"}],"replies":[{"embeddable":true,"href":"https:\/\/modellflugverein-sursee.ch\/index.php?rest_route=%2Fwp%2Fv2%2Fcomments&post=38"}],"version-history":[{"count":4,"href":"https:\/\/modellflugverein-sursee.ch\/index.php?rest_route=\/wp\/v2\/pages\/38\/revisions"}],"predecessor-version":[{"id":631,"href":"https:\/\/modellflugverein-sursee.ch\/index.php?rest_route=\/wp\/v2\/pages\/38\/revisions\/631"}],"wp:attachment":[{"href":"https:\/\/modellflugverein-sursee.ch\/index.php?rest_route=%2Fwp%2Fv2%2Fmedia&parent=38"}],"curies":[{"name":"wp","href":"https:\/\/api.w.org\/{rel}","templated":true}]}}